{"id":1279,"date":"2024-07-17T14:16:11","date_gmt":"2024-07-17T14:16:11","guid":{"rendered":"https:\/\/dimurostudio.com\/?page_id=1279"},"modified":"2024-09-18T15:43:31","modified_gmt":"2024-09-18T15:43:31","slug":"cookies","status":"publish","type":"page","link":"https:\/\/dimurostudio.com\/fr\/cookies\/","title":{"rendered":"Politiques de Cookies"},"content":{"rendered":"\n<p>En conformit\u00e9 avec l&#8217;obligation d&#8217;information pr\u00e9vue au paragraphe 2 de l&#8217;article 22 de la Loi 34\/2002 du 11 juillet, des Services de la Soci\u00e9t\u00e9 de l&#8217;Information et du Commerce \u00c9lectronique, la pr\u00e9sente politique de cookies a pour but de vous informer de mani\u00e8re claire et pr\u00e9cise sur les cookies utilis\u00e9s sur le site web de DIMURO STUDIO SL.<br><br><strong>Qu&#8217;est-ce qu&#8217;un cookie ?<\/strong><br>Un cookie est un petit fichier que les sites web envoient au navigateur et qui est t\u00e9l\u00e9charg\u00e9 sur votre ordinateur. Les cookies permettent au site web de stocker et de r\u00e9cup\u00e9rer des informations sur votre visite, comme votre langue pr\u00e9f\u00e9r\u00e9e et d&#8217;autres options, afin d&#8217;am\u00e9liorer les services offerts et de contribuer \u00e0 une meilleure exp\u00e9rience de navigation pour l&#8217;utilisateur.<br><br><strong>Types de cookies<\/strong><br>En fonction de la gestion du domaine depuis lequel les cookies sont envoy\u00e9s et des donn\u00e9es trait\u00e9es, il y a une distinction entre les cookies propres et les cookies tiers. Les cookies peuvent \u00e9galement \u00eatre class\u00e9s selon la dur\u00e9e pendant laquelle ils restent stock\u00e9s dans le navigateur de l&#8217;utilisateur, distinguant entre les cookies de session ou les cookies persistants. Enfin, en fonction de la finalit\u00e9 du traitement des informations recueillies, les cookies peuvent \u00eatre class\u00e9s dans les cat\u00e9gories suivantes :<br><br><em>Cookies techniques : permettent \u00e0 l&#8217;utilisateur de naviguer sur un site web et d&#8217;utiliser certains des services offerts par celui-ci (par exemple, ceux qui servent \u00e0 se souvenir des \u00e9l\u00e9ments d&#8217;un panier d&#8217;achat)<\/em>. <br><br><em>Cookies de personnalisation : permettent \u00e0 l&#8217;utilisateur d&#8217;acc\u00e9der au site web avec certaines caract\u00e9ristiques pr\u00e9d\u00e9finies, comme la langue.<\/em><br><br><em>Cookies de s\u00e9curit\u00e9 : servent \u00e0 emp\u00eacher ou \u00e0 rendre difficile les attaques contre le site<br>web.<\/em> <br><br><em>Cookies de compl\u00e9ment pour l&#8217;\u00e9change de contenus sociaux : les plug-ins, qui permettent de partager des contenus sur les r\u00e9seaux sociaux.<\/em> <br><br><em>Cookies d&#8217;analyse : permettent au responsable de suivre le comportement de l&#8217;utilisateur. <\/em><br><br><em>Cookies publicitaires : permettent de g\u00e9rer les espaces publicitaires du site web. <\/em><br><br><em>Cookies de publicit\u00e9 comportementale : comme les pr\u00e9c\u00e9dents, ils servent \u00e0 g\u00e9rer les espaces publicitaires du site web en fonction des informations recueillies sur le comportement de l&#8217;utilisateur et ses habitudes, en adaptant la publicit\u00e9 au profil de l&#8217;utilisateur<\/em>. <br><br><em>Cookies de g\u00e9olocalisation : utilis\u00e9s pour d\u00e9terminer le pays o\u00f9 se trouve l&#8217;utilisateur.<\/em><br><br><strong>Autorisation pour l&#8217;utilisation des cookies<\/strong><br>Conform\u00e9ment \u00e0 l&#8217;avis de cookies qui appara\u00eet sur le site web, l&#8217;utilisateur peut consentir express\u00e9ment \u00e0 l&#8217;utilisation de cookies n\u00e9cessitant un consentement ; cependant, l&#8217;utilisation de cookies techniques ou n\u00e9cessaires ne requiert pas de consentement. Nonobstant tout cela, l&#8217;utilisateur peut modifier la configuration de son navigateur pour refuser l&#8217;utilisation de cookies.<br><br><strong>Comment modifier la configuration des cookies<\/strong><br>Vous pouvez restreindre, bloquer ou supprimer les cookies de DIMURO STUDIO SL ou de tout autre site web en utilisant votre navigateur. Chaque navigateur a une proc\u00e9dure diff\u00e9rente, vous pouvez trouver comment proc\u00e9der dans le menu d&#8217;aide de votre navigateur o\u00f9 est \u00e9tabli le processus de suppression. <br><br>Pour des informations compl\u00e9mentaires:<br><br>Google Chrome:<br><a href=\"https:\/\/support.google.com\/chrome\/answer\/95647?co=GENIE.Platform%3DDesktop&amp;hl=es\">https:\/\/support.google.com\/chrome\/answer\/95647?co=GENIE.Platform%3DDesktop&amp;hl=es<\/a><br><br>Mozilla Firefox:<br><a href=\"https:\/\/support.mozilla.org\/es\/kb\/habilitar-y-deshabilitar-cookies-sitios-web-rastrear-preferencias\">https:\/\/support.mozilla.org\/es\/kb\/habilitar-y-deshabilitar-cookies-sitios-web-rastrear-preferencias<\/a><br><br>Safari:<br><a href=\"https:\/\/support.apple.com\/es-es\/guide\/safari\/sfri11471\/mac\">https:\/\/support.apple.com\/es-es\/guide\/safari\/sfri11471\/mac<\/a><br><br>Internet Explorer:<br><a href=\"https:\/\/support.microsoft.com\/es-es\/help\/278835\/how-to-delete-cookie-files-in-internet-explorer\">https:\/\/support.microsoft.com\/es-es\/help\/278835\/how-to-delete-cookie-files-in-internet-explorer<\/a><br><br>Il est possible que la d\u00e9sactivation des cookies emp\u00eache le bon fonctionnement du site web ou l&#8217;acc\u00e8s \u00e0 certaines de ses fonctionnalit\u00e9s.<br><br><strong>Modification des conditions<\/strong><br>DIMURO STUDIO SL se r\u00e9serve express\u00e9ment le droit de modifier unilat\u00e9ralement, totalement ou partiellement, sans pr\u00e9avis, la pr\u00e9sente Politique de Cookies. L&#8217;utilisateur reconna\u00eet et accepte qu&#8217;il est de sa responsabilit\u00e9 de revoir p\u00e9riodiquement la pr\u00e9sente Politique de Cookies.<br><br><\/p>\n","protected":false},"excerpt":{"rendered":"<p>En conformit\u00e9 avec l&#8217;obligation d&#8217;information pr\u00e9vue au paragraphe 2 de l&#8217;article 22 de la Loi 34\/2002 du 11 juillet, des Services de la Soci\u00e9t\u00e9 de l&#8217;Information et du Commerce \u00c9lectronique, la pr\u00e9sente politique de cookies a pour but de vous informer de mani\u00e8re claire et pr\u00e9cise sur les cookies utilis\u00e9s sur le site web de &hellip; <\/p>\n<p class=\"link-more\"><a href=\"https:\/\/dimurostudio.com\/fr\/cookies\/\" class=\"more-link\">Read more<span class=\"screen-reader-text\"> &#8220;Politiques de Cookies&#8221;<\/span><\/a><\/p>\n","protected":false},"author":1,"featured_media":0,"parent":0,"menu_order":0,"comment_status":"closed","ping_status":"closed","template":"","meta":{"_coblocks_attr":"","_coblocks_dimensions":"","_coblocks_responsive_height":"","_coblocks_accordion_ie_support":"","inspiro_hide_title":false,"footnotes":""},"class_list":["post-1279","page","type-page","status-publish","hentry"],"translation":{"provider":"WPGlobus","version":"3.0.2","language":"fr","enabled_languages":["en","es","de","fr"],"languages":{"en":{"title":true,"content":true,"excerpt":false},"es":{"title":true,"content":true,"excerpt":false},"de":{"title":true,"content":true,"excerpt":false},"fr":{"title":true,"content":true,"excerpt":false}}},"aioseo_notices":[],"featured_media_urls":[],"_links":{"self":[{"href":"https:\/\/dimurostudio.com\/fr\/wp-json\/wp\/v2\/pages\/1279","targetHints":{"allow":["GET"]}}],"collection":[{"href":"https:\/\/dimurostudio.com\/fr\/wp-json\/wp\/v2\/pages"}],"about":[{"href":"https:\/\/dimurostudio.com\/fr\/wp-json\/wp\/v2\/types\/page"}],"author":[{"embeddable":true,"href":"https:\/\/dimurostudio.com\/fr\/wp-json\/wp\/v2\/users\/1"}],"replies":[{"embeddable":true,"href":"https:\/\/dimurostudio.com\/fr\/wp-json\/wp\/v2\/comments?post=1279"}],"version-history":[{"count":24,"href":"https:\/\/dimurostudio.com\/fr\/wp-json\/wp\/v2\/pages\/1279\/revisions"}],"predecessor-version":[{"id":1447,"href":"https:\/\/dimurostudio.com\/fr\/wp-json\/wp\/v2\/pages\/1279\/revisions\/1447"}],"wp:attachment":[{"href":"https:\/\/dimurostudio.com\/fr\/wp-json\/wp\/v2\/media?parent=1279"}],"curies":[{"name":"wp","href":"https:\/\/api.w.org\/{rel}","templated":true}]}}