{"id":10,"date":"2022-07-14T13:37:58","date_gmt":"2022-07-14T13:37:58","guid":{"rendered":"http:\/\/dimurostudio.com\/?page_id=10"},"modified":"2025-04-30T16:41:07","modified_gmt":"2025-04-30T16:41:07","slug":"about","status":"publish","type":"page","link":"https:\/\/dimurostudio.com\/fr\/about\/","title":{"rendered":"Architecte D\u2019interieur et Design Italien"},"content":{"rendered":"\n<p class=\"has-text-align-center has-custom-lineheight\" style=\"line-height:1.5;font-size:25px\"><strong><br>NOUS CONCR\u00c9TISONS VOS ID\u00c9ES<br><\/strong><\/p>\n\n\n\n<p class=\"has-text-align-center has-custom-lineheight\" style=\"line-height:1.5\"><br>Conception de projets d&#8217;<strong>espace<\/strong> et <strong>fonctionnalit\u00e9<\/strong>.<\/p>\n\n\n\n<p class=\"has-text-align-center has-custom-lineheight\" style=\"line-height:1.5\">Nous garantissons notre assistance pas \u00e0 pas pendant et tout au long du processus, du Concept au d\u00e9veloppement du projet et \u00e0 la coordination des travaux d&#8217;ex\u00e9cution.<\/p>\n\n\n\n<div class=\"wp-block-group is-layout-flow wp-block-group-is-layout-flow\"><\/div>\n\n\n\n<div class=\"wp-block-buttons alignwide is-content-justification-center is-layout-flex wp-container-core-buttons-is-layout-a89b3969 wp-block-buttons-is-layout-flex\">\n<div class=\"wp-block-button is-style-outline is-style-outline--1\"><a class=\"wp-block-button__link wp-element-button\" href=\"http:\/\/dimurostudio.com\/fr\/contact\/\">Contactez-Nous<\/a><\/div>\n<\/div>\n\n\n\n<div style=\"height:50px\" aria-hidden=\"true\" class=\"wp-block-spacer\"><\/div>\n","protected":false},"excerpt":{"rendered":"<p>NOUS CONCR\u00c9TISONS VOS ID\u00c9ES Conception de projets d&#8217;espace et fonctionnalit\u00e9. Nous garantissons notre assistance pas \u00e0 pas pendant et tout au long du processus, du Concept au d\u00e9veloppement du projet et \u00e0 la coordination des travaux d&#8217;ex\u00e9cution.<\/p>\n","protected":false},"author":1,"featured_media":146,"parent":0,"menu_order":0,"comment_status":"closed","ping_status":"closed","template":"","meta":{"_coblocks_attr":"","_coblocks_dimensions":"","_coblocks_responsive_height":"","_coblocks_accordion_ie_support":"","inspiro_hide_title":false,"footnotes":""},"class_list":["post-10","page","type-page","status-publish","has-post-thumbnail","hentry"],"translation":{"provider":"WPGlobus","version":"3.0.2","language":"fr","enabled_languages":["en","es","de","fr"],"languages":{"en":{"title":true,"content":true,"excerpt":false},"es":{"title":true,"content":true,"excerpt":false},"de":{"title":true,"content":true,"excerpt":false},"fr":{"title":true,"content":true,"excerpt":false}}},"aioseo_notices":[],"featured_media_urls":{"thumbnail":["https:\/\/dimurostudio.com\/wp-content\/uploads\/2022\/07\/dimuriostudio_header3-150x150.jpg",150,150,true],"medium":["https:\/\/dimurostudio.com\/wp-content\/uploads\/2022\/07\/dimuriostudio_header3-300x210.jpg",300,210,true],"medium_large":["https:\/\/dimurostudio.com\/wp-content\/uploads\/2022\/07\/dimuriostudio_header3-768x538.jpg",768,538,true],"large":["https:\/\/dimurostudio.com\/wp-content\/uploads\/2022\/07\/dimuriostudio_header3-1024x717.jpg",950,665,true],"1536x1536":["https:\/\/dimurostudio.com\/wp-content\/uploads\/2022\/07\/dimuriostudio_header3-1536x1075.jpg",1536,1075,true],"2048x2048":["https:\/\/dimurostudio.com\/wp-content\/uploads\/2022\/07\/dimuriostudio_header3.jpg",2000,1400,false],"inspiro-featured-image":["https:\/\/dimurostudio.com\/wp-content\/uploads\/2022\/07\/dimuriostudio_header3.jpg",2000,1400,false],"inspiro-loop":["https:\/\/dimurostudio.com\/wp-content\/uploads\/2022\/07\/dimuriostudio_header3-950x320.jpg",950,320,true],"inspiro-loop@2x":["https:\/\/dimurostudio.com\/wp-content\/uploads\/2022\/07\/dimuriostudio_header3-1900x640.jpg",1900,640,true],"portfolio_item-thumbnail":["https:\/\/dimurostudio.com\/wp-content\/uploads\/2022\/07\/dimuriostudio_header3-600x400.jpg",600,400,true],"portfolio_item-thumbnail@2x":["https:\/\/dimurostudio.com\/wp-content\/uploads\/2022\/07\/dimuriostudio_header3-1200x800.jpg",1200,800,true],"portfolio_item-masonry":["https:\/\/dimurostudio.com\/wp-content\/uploads\/2022\/07\/dimuriostudio_header3-600x420.jpg",600,420,true],"portfolio_item-masonry@2x":["https:\/\/dimurostudio.com\/wp-content\/uploads\/2022\/07\/dimuriostudio_header3-1200x840.jpg",1200,840,true],"portfolio_item-thumbnail_cinema":["https:\/\/dimurostudio.com\/wp-content\/uploads\/2022\/07\/dimuriostudio_header3-800x335.jpg",800,335,true],"portfolio_item-thumbnail_portrait":["https:\/\/dimurostudio.com\/wp-content\/uploads\/2022\/07\/dimuriostudio_header3-600x900.jpg",600,900,true],"portfolio_item-thumbnail_portrait@2x":["https:\/\/dimurostudio.com\/wp-content\/uploads\/2022\/07\/dimuriostudio_header3-1200x1400.jpg",1200,1400,true],"portfolio_item-thumbnail_square":["https:\/\/dimurostudio.com\/wp-content\/uploads\/2022\/07\/dimuriostudio_header3-800x800.jpg",800,800,true]},"_links":{"self":[{"href":"https:\/\/dimurostudio.com\/fr\/wp-json\/wp\/v2\/pages\/10","targetHints":{"allow":["GET"]}}],"collection":[{"href":"https:\/\/dimurostudio.com\/fr\/wp-json\/wp\/v2\/pages"}],"about":[{"href":"https:\/\/dimurostudio.com\/fr\/wp-json\/wp\/v2\/types\/page"}],"author":[{"embeddable":true,"href":"https:\/\/dimurostudio.com\/fr\/wp-json\/wp\/v2\/users\/1"}],"replies":[{"embeddable":true,"href":"https:\/\/dimurostudio.com\/fr\/wp-json\/wp\/v2\/comments?post=10"}],"version-history":[{"count":212,"href":"https:\/\/dimurostudio.com\/fr\/wp-json\/wp\/v2\/pages\/10\/revisions"}],"predecessor-version":[{"id":1668,"href":"https:\/\/dimurostudio.com\/fr\/wp-json\/wp\/v2\/pages\/10\/revisions\/1668"}],"wp:featuredmedia":[{"embeddable":true,"href":"https:\/\/dimurostudio.com\/fr\/wp-json\/wp\/v2\/media\/146"}],"wp:attachment":[{"href":"https:\/\/dimurostudio.com\/fr\/wp-json\/wp\/v2\/media?parent=10"}],"curies":[{"name":"wp","href":"https:\/\/api.w.org\/{rel}","templated":true}]}}